{"id":2845,"date":"2025-04-04T16:49:13","date_gmt":"2025-04-04T14:49:13","guid":{"rendered":"http:\/\/3.231.78.122\/?post_type=product&#038;p=2845"},"modified":"2025-04-04T16:49:16","modified_gmt":"2025-04-04T14:49:16","slug":"tacticas-modernas-del-4-4-2-al-juego-posicional","status":"publish","type":"product","link":"https:\/\/torpedo.com.ar\/en\/product\/tacticas-modernas-del-4-4-2-al-juego-posicional\/","title":{"rendered":"T\u00e1cticas Modernas: Del 4-4-2 al Juego Posicional"},"content":{"rendered":"<p>Explora la evoluci\u00f3n t\u00e1ctica del f\u00fatbol contempor\u00e1neo, desde sistemas tradicionales hasta el juego de posici\u00f3n. A trav\u00e9s del an\u00e1lisis de equipos exitosos, el curso muestra c\u00f3mo adaptar esquemas t\u00e1cticos a diferentes contextos. Se utilizan herramientas de software y an\u00e1lisis de video. Apto para entrenadores de todas las categor\u00edas. Incluye talleres de planificaci\u00f3n de entrenamientos t\u00e1cticos. Con enfoque pr\u00e1ctico y actualizado.<\/p>","protected":false},"excerpt":{"rendered":"<p>Prof. Mat\u00edas Rivero<\/p>","protected":false},"featured_media":2851,"comment_status":"open","ping_status":"closed","template":"","meta":{"_et_pb_use_builder":"","_et_pb_old_content":"","_et_gb_content_width":""},"product_brand":[],"product_cat":[40,41],"product_tag":[],"class_list":{"0":"post-2845","1":"product","2":"type-product","3":"status-publish","4":"has-post-thumbnail","6":"product_cat-entrenamiento-fisico","7":"product_cat-tactica","9":"first","10":"instock","11":"virtual","12":"purchasable","13":"product-type-simple"},"jetpack_sharing_enabled":true,"_links":{"self":[{"href":"https:\/\/torpedo.com.ar\/en\/wp-json\/wp\/v2\/product\/2845","targetHints":{"allow":["GET"]}}],"collection":[{"href":"https:\/\/torpedo.com.ar\/en\/wp-json\/wp\/v2\/product"}],"about":[{"href":"https:\/\/torpedo.com.ar\/en\/wp-json\/wp\/v2\/types\/product"}],"replies":[{"embeddable":true,"href":"https:\/\/torpedo.com.ar\/en\/wp-json\/wp\/v2\/comments?post=2845"}],"wp:featuredmedia":[{"embeddable":true,"href":"https:\/\/torpedo.com.ar\/en\/wp-json\/wp\/v2\/media\/2851"}],"wp:attachment":[{"href":"https:\/\/torpedo.com.ar\/en\/wp-json\/wp\/v2\/media?parent=2845"}],"wp:term":[{"taxonomy":"product_brand","embeddable":true,"href":"https:\/\/torpedo.com.ar\/en\/wp-json\/wp\/v2\/product_brand?post=2845"},{"taxonomy":"product_cat","embeddable":true,"href":"https:\/\/torpedo.com.ar\/en\/wp-json\/wp\/v2\/product_cat?post=2845"},{"taxonomy":"product_tag","embeddable":true,"href":"https:\/\/torpedo.com.ar\/en\/wp-json\/wp\/v2\/product_tag?post=2845"}],"curies":[{"name":"wp","href":"https:\/\/api.w.org\/{rel}","templated":true}]}}