{"id":2846,"date":"2025-04-04T16:49:13","date_gmt":"2025-04-04T14:49:13","guid":{"rendered":"http:\/\/3.231.78.122\/?post_type=product&#038;p=2846"},"modified":"2025-04-04T16:49:16","modified_gmt":"2025-04-04T14:49:16","slug":"coaching-deportivo-y-liderazgo-en-el-futbol","status":"publish","type":"product","link":"https:\/\/torpedo.com.ar\/en\/product\/coaching-deportivo-y-liderazgo-en-el-futbol\/","title":{"rendered":"Coaching Deportivo y Liderazgo en el F\u00fatbol"},"content":{"rendered":"<p>Curso centrado en el desarrollo emocional y liderazgo positivo en equipos de f\u00fatbol. Se ense\u00f1an herramientas de coaching, comunicaci\u00f3n efectiva y gesti\u00f3n de grupos. Ideal para entrenadores, coordinadores y capitanes de equipos. Se trabajar\u00e1n casos reales y din\u00e1micas para aplicar en vestuario y entrenamientos. Aporta habilidades blandas clave para el deporte actual. Incluye seguimiento personalizado.<\/p>","protected":false},"excerpt":{"rendered":"<p>Docente: Lic. Carolina Salgado<\/p>","protected":false},"featured_media":2852,"comment_status":"open","ping_status":"closed","template":"","meta":{"_et_pb_use_builder":"","_et_pb_old_content":"","_et_gb_content_width":""},"product_brand":[],"product_cat":[42],"product_tag":[],"class_list":{"0":"post-2846","1":"product","2":"type-product","3":"status-publish","4":"has-post-thumbnail","6":"product_cat-psicologia-en-el-deporte","8":"first","9":"instock","10":"virtual","11":"purchasable","12":"product-type-simple"},"jetpack_sharing_enabled":true,"_links":{"self":[{"href":"https:\/\/torpedo.com.ar\/en\/wp-json\/wp\/v2\/product\/2846","targetHints":{"allow":["GET"]}}],"collection":[{"href":"https:\/\/torpedo.com.ar\/en\/wp-json\/wp\/v2\/product"}],"about":[{"href":"https:\/\/torpedo.com.ar\/en\/wp-json\/wp\/v2\/types\/product"}],"replies":[{"embeddable":true,"href":"https:\/\/torpedo.com.ar\/en\/wp-json\/wp\/v2\/comments?post=2846"}],"wp:featuredmedia":[{"embeddable":true,"href":"https:\/\/torpedo.com.ar\/en\/wp-json\/wp\/v2\/media\/2852"}],"wp:attachment":[{"href":"https:\/\/torpedo.com.ar\/en\/wp-json\/wp\/v2\/media?parent=2846"}],"wp:term":[{"taxonomy":"product_brand","embeddable":true,"href":"https:\/\/torpedo.com.ar\/en\/wp-json\/wp\/v2\/product_brand?post=2846"},{"taxonomy":"product_cat","embeddable":true,"href":"https:\/\/torpedo.com.ar\/en\/wp-json\/wp\/v2\/product_cat?post=2846"},{"taxonomy":"product_tag","embeddable":true,"href":"https:\/\/torpedo.com.ar\/en\/wp-json\/wp\/v2\/product_tag?post=2846"}],"curies":[{"name":"wp","href":"https:\/\/api.w.org\/{rel}","templated":true}]}}