{"id":2847,"date":"2025-04-04T16:49:13","date_gmt":"2025-04-04T14:49:13","guid":{"rendered":"http:\/\/3.231.78.122\/?post_type=product&#038;p=2847"},"modified":"2025-04-04T16:49:17","modified_gmt":"2025-04-04T14:49:17","slug":"scouting-y-analisis-de-rendimiento","status":"publish","type":"product","link":"https:\/\/torpedo.com.ar\/en\/product\/scouting-y-analisis-de-rendimiento\/","title":{"rendered":"Scouting y An\u00e1lisis de Rendimiento"},"content":{"rendered":"<p>Aprend\u00e9 a observar, analizar y reportar el rendimiento de jugadores y equipos. El curso ense\u00f1a uso de herramientas de scouting, software de videoan\u00e1lisis y elaboraci\u00f3n de informes t\u00e9cnicos. Ideal para formar parte de cuerpos t\u00e9cnicos o agencias de representaci\u00f3n. Incluye pr\u00e1cticas con partidos reales. Se explora el an\u00e1lisis t\u00e1ctico, t\u00e9cnico y f\u00edsico. El curso finaliza con una certificaci\u00f3n profesional.<\/p>","protected":false},"excerpt":{"rendered":"<p>Docente: Analista Joaqu\u00edn Leiva<\/p>","protected":false},"featured_media":2853,"comment_status":"open","ping_status":"closed","template":"","meta":{"_et_pb_use_builder":"","_et_pb_old_content":"","_et_gb_content_width":""},"product_brand":[],"product_cat":[41],"product_tag":[],"class_list":{"0":"post-2847","1":"product","2":"type-product","3":"status-publish","4":"has-post-thumbnail","6":"product_cat-tactica","8":"first","9":"instock","10":"virtual","11":"purchasable","12":"product-type-simple"},"jetpack_sharing_enabled":true,"_links":{"self":[{"href":"https:\/\/torpedo.com.ar\/en\/wp-json\/wp\/v2\/product\/2847","targetHints":{"allow":["GET"]}}],"collection":[{"href":"https:\/\/torpedo.com.ar\/en\/wp-json\/wp\/v2\/product"}],"about":[{"href":"https:\/\/torpedo.com.ar\/en\/wp-json\/wp\/v2\/types\/product"}],"replies":[{"embeddable":true,"href":"https:\/\/torpedo.com.ar\/en\/wp-json\/wp\/v2\/comments?post=2847"}],"wp:featuredmedia":[{"embeddable":true,"href":"https:\/\/torpedo.com.ar\/en\/wp-json\/wp\/v2\/media\/2853"}],"wp:attachment":[{"href":"https:\/\/torpedo.com.ar\/en\/wp-json\/wp\/v2\/media?parent=2847"}],"wp:term":[{"taxonomy":"product_brand","embeddable":true,"href":"https:\/\/torpedo.com.ar\/en\/wp-json\/wp\/v2\/product_brand?post=2847"},{"taxonomy":"product_cat","embeddable":true,"href":"https:\/\/torpedo.com.ar\/en\/wp-json\/wp\/v2\/product_cat?post=2847"},{"taxonomy":"product_tag","embeddable":true,"href":"https:\/\/torpedo.com.ar\/en\/wp-json\/wp\/v2\/product_tag?post=2847"}],"curies":[{"name":"wp","href":"https:\/\/api.w.org\/{rel}","templated":true}]}}