{"id":2848,"date":"2025-04-04T16:49:13","date_gmt":"2025-04-04T14:49:13","guid":{"rendered":"http:\/\/3.231.78.122\/?post_type=product&#038;p=2848"},"modified":"2025-04-04T16:49:18","modified_gmt":"2025-04-04T14:49:18","slug":"metodologia-de-entrenamiento-en-futbol-infantil","status":"publish","type":"product","link":"https:\/\/torpedo.com.ar\/en\/product\/metodologia-de-entrenamiento-en-futbol-infantil\/","title":{"rendered":"Metodolog\u00eda de Entrenamiento en F\u00fatbol Infantil"},"content":{"rendered":"<p>Dise\u00f1ado para entrenadores de f\u00fatbol infantil, este curso brinda herramientas pedag\u00f3gicas y deportivas para planificar entrenamientos efectivos. Se prioriza el desarrollo motor, los valores y la diversi\u00f3n. Incluye ejemplos de sesiones para distintas edades. Se abordan los fundamentos t\u00e9cnicos b\u00e1sicos y el trabajo en mini-juegos. Ideal para escuelas de f\u00fatbol y clubes formativos. Incluye material descargable.<\/p>","protected":false},"excerpt":{"rendered":"<p>Docente: Prof. Laura Acu\u00f1a<\/p>","protected":false},"featured_media":2854,"comment_status":"open","ping_status":"closed","template":"","meta":{"_et_pb_use_builder":"","_et_pb_old_content":"","_et_gb_content_width":""},"product_brand":[],"product_cat":[43],"product_tag":[],"class_list":{"0":"post-2848","1":"product","2":"type-product","3":"status-publish","4":"has-post-thumbnail","6":"product_cat-infantiles","8":"first","9":"instock","10":"virtual","11":"purchasable","12":"product-type-simple"},"jetpack_sharing_enabled":true,"_links":{"self":[{"href":"https:\/\/torpedo.com.ar\/en\/wp-json\/wp\/v2\/product\/2848","targetHints":{"allow":["GET"]}}],"collection":[{"href":"https:\/\/torpedo.com.ar\/en\/wp-json\/wp\/v2\/product"}],"about":[{"href":"https:\/\/torpedo.com.ar\/en\/wp-json\/wp\/v2\/types\/product"}],"replies":[{"embeddable":true,"href":"https:\/\/torpedo.com.ar\/en\/wp-json\/wp\/v2\/comments?post=2848"}],"wp:featuredmedia":[{"embeddable":true,"href":"https:\/\/torpedo.com.ar\/en\/wp-json\/wp\/v2\/media\/2854"}],"wp:attachment":[{"href":"https:\/\/torpedo.com.ar\/en\/wp-json\/wp\/v2\/media?parent=2848"}],"wp:term":[{"taxonomy":"product_brand","embeddable":true,"href":"https:\/\/torpedo.com.ar\/en\/wp-json\/wp\/v2\/product_brand?post=2848"},{"taxonomy":"product_cat","embeddable":true,"href":"https:\/\/torpedo.com.ar\/en\/wp-json\/wp\/v2\/product_cat?post=2848"},{"taxonomy":"product_tag","embeddable":true,"href":"https:\/\/torpedo.com.ar\/en\/wp-json\/wp\/v2\/product_tag?post=2848"}],"curies":[{"name":"wp","href":"https:\/\/api.w.org\/{rel}","templated":true}]}}