{"id":2849,"date":"2025-04-04T16:49:13","date_gmt":"2025-04-04T14:49:13","guid":{"rendered":"http:\/\/3.231.78.122\/?post_type=product&#038;p=2849"},"modified":"2025-04-09T14:04:15","modified_gmt":"2025-04-09T12:04:15","slug":"psicologia-aplicada-al-rendimiento-futbolistico","status":"publish","type":"product","link":"https:\/\/torpedo.com.ar\/en\/product\/psicologia-aplicada-al-rendimiento-futbolistico\/","title":{"rendered":"Psicolog\u00eda Aplicada al Rendimiento Futbol\u00edstico"},"content":{"rendered":"<p>Este curso ense\u00f1a a trabajar el aspecto mental del futbolista para mejorar su rendimiento. Se abordan temas como concentraci\u00f3n, confianza, presi\u00f3n y motivaci\u00f3n. Est\u00e1 dirigido a entrenadores, jugadores y profesionales del deporte. Incluye ejercicios pr\u00e1cticos, role-playing y gu\u00edas de intervenci\u00f3n. Tambi\u00e9n se trata el trabajo con padres y familias en divisiones formativas. Orientado a lograr un alto rendimiento sostenido.<\/p>","protected":false},"excerpt":{"rendered":"<p>Docente: Lic. Diego Mazzini<\/p>","protected":false},"featured_media":2855,"comment_status":"open","ping_status":"closed","template":"","meta":{"_et_pb_use_builder":"","_et_pb_old_content":"","_et_gb_content_width":""},"product_brand":[],"product_cat":[42],"product_tag":[],"class_list":{"0":"post-2849","1":"product","2":"type-product","3":"status-publish","4":"has-post-thumbnail","6":"product_cat-psicologia-en-el-deporte","8":"first","9":"instock","10":"downloadable","11":"virtual","12":"sold-individually","13":"purchasable","14":"product-type-simple"},"jetpack_sharing_enabled":true,"_links":{"self":[{"href":"https:\/\/torpedo.com.ar\/en\/wp-json\/wp\/v2\/product\/2849","targetHints":{"allow":["GET"]}}],"collection":[{"href":"https:\/\/torpedo.com.ar\/en\/wp-json\/wp\/v2\/product"}],"about":[{"href":"https:\/\/torpedo.com.ar\/en\/wp-json\/wp\/v2\/types\/product"}],"replies":[{"embeddable":true,"href":"https:\/\/torpedo.com.ar\/en\/wp-json\/wp\/v2\/comments?post=2849"}],"wp:featuredmedia":[{"embeddable":true,"href":"https:\/\/torpedo.com.ar\/en\/wp-json\/wp\/v2\/media\/2855"}],"wp:attachment":[{"href":"https:\/\/torpedo.com.ar\/en\/wp-json\/wp\/v2\/media?parent=2849"}],"wp:term":[{"taxonomy":"product_brand","embeddable":true,"href":"https:\/\/torpedo.com.ar\/en\/wp-json\/wp\/v2\/product_brand?post=2849"},{"taxonomy":"product_cat","embeddable":true,"href":"https:\/\/torpedo.com.ar\/en\/wp-json\/wp\/v2\/product_cat?post=2849"},{"taxonomy":"product_tag","embeddable":true,"href":"https:\/\/torpedo.com.ar\/en\/wp-json\/wp\/v2\/product_tag?post=2849"}],"curies":[{"name":"wp","href":"https:\/\/api.w.org\/{rel}","templated":true}]}}