{"id":2888,"date":"2025-04-07T15:27:00","date_gmt":"2025-04-07T13:27:00","guid":{"rendered":"http:\/\/3.231.78.122\/producto\/full-body\/"},"modified":"2025-08-13T20:18:23","modified_gmt":"2025-08-13T23:18:23","slug":"full-body","status":"publish","type":"product","link":"https:\/\/torpedo.com.ar\/en\/product\/full-body\/","title":{"rendered":"Full body"},"content":{"rendered":"<p><span id=\"wpaicg-chat-message-26277\" class=\"wpaicg-chat-message\">El entrenamiento full body consiste en una rutina de ejercicios que trabaja todos los grupos musculares principales en una sola sesi\u00f3n. Este tipo de entrenamiento es ideal para mejorar la fuerza, la resistencia y la tonificaci\u00f3n muscular, y se puede realizar varias veces a la semana. Adem\u00e1s, es eficiente para quienes buscan maximizar su tiempo en el gimnasio o para principiantes que desean desarrollar una base s\u00f3lida.<\/span><\/p>","protected":false},"excerpt":{"rendered":"<p>El entrenamiento full body consiste en una rutina de ejercicios que trabaja todos los grupos musculares principales en una sola sesi\u00f3n. Este tipo de entrenamiento es ideal para mejorar la fuerza, la resistencia y la tonificaci\u00f3n muscular, y se puede realizar varias veces a la semana. Adem\u00e1s, es eficiente para quienes buscan maximizar su tiempo [&hellip;]<\/p>","protected":false},"featured_media":0,"comment_status":"open","ping_status":"closed","template":"","meta":{"_et_pb_use_builder":"","_et_pb_old_content":"","_et_gb_content_width":""},"product_brand":[],"product_cat":[64],"product_tag":[],"class_list":{"0":"post-2888","1":"product","2":"type-product","3":"status-publish","5":"product_cat-entrenamientoscortos","7":"first","8":"instock","9":"downloadable","10":"virtual","11":"product-type-simple"},"jetpack_sharing_enabled":true,"_links":{"self":[{"href":"https:\/\/torpedo.com.ar\/en\/wp-json\/wp\/v2\/product\/2888","targetHints":{"allow":["GET"]}}],"collection":[{"href":"https:\/\/torpedo.com.ar\/en\/wp-json\/wp\/v2\/product"}],"about":[{"href":"https:\/\/torpedo.com.ar\/en\/wp-json\/wp\/v2\/types\/product"}],"replies":[{"embeddable":true,"href":"https:\/\/torpedo.com.ar\/en\/wp-json\/wp\/v2\/comments?post=2888"}],"wp:attachment":[{"href":"https:\/\/torpedo.com.ar\/en\/wp-json\/wp\/v2\/media?parent=2888"}],"wp:term":[{"taxonomy":"product_brand","embeddable":true,"href":"https:\/\/torpedo.com.ar\/en\/wp-json\/wp\/v2\/product_brand?post=2888"},{"taxonomy":"product_cat","embeddable":true,"href":"https:\/\/torpedo.com.ar\/en\/wp-json\/wp\/v2\/product_cat?post=2888"},{"taxonomy":"product_tag","embeddable":true,"href":"https:\/\/torpedo.com.ar\/en\/wp-json\/wp\/v2\/product_tag?post=2888"}],"curies":[{"name":"wp","href":"https:\/\/api.w.org\/{rel}","templated":true}]}}